{"id":449,"date":"2023-09-20T12:05:45","date_gmt":"2023-09-20T12:05:45","guid":{"rendered":"https:\/\/gokite.ch\/?page_id=449"},"modified":"2025-09-07T16:50:46","modified_gmt":"2025-09-07T16:50:46","slug":"impressum","status":"publish","type":"page","link":"https:\/\/elevai.ch\/demos\/woo-shop\/wordpress\/impressum\/","title":{"rendered":"Impressum"},"content":{"rendered":"<div data-jintegration=\"Wordpress\" data-jrequestdate=\"2026-04-12 01:59:17\"><style>\n            #jmdcontent h1, #jmdcontent h2, #jmdcontent h3, #jmdcontent h4, #jmdcontent h5, #jmdcontent h6 {\n                margin: 1.5em 0 1em 0;\n            }\n\n            #jmdcontent {\n                font-size: 14px;\n                line-height: 1.5;\n                text-align: left;\n            }\n\n            #jmdcontent a {\n                word-break: break-word;\n            }\n\n            #jmdcontent code {\n                background-color: #f5f5f5;\n                color: #bd4147;\n                box-shadow: 0 2px 1px -1px rgba(0,0,0,.2), 0 1px 1px 0 rgba(0,0,0,.14), 0 1px 3px 0 rgba(0,0,0,.12);\n                display: inline-block;\n                border-radius: 3px;\n                white-space: pre-wrap;\n                font-size: 85%;\n                font-weight: 900;\n            }\n\n            #jmdcontent code:after, #jmdcontent code:before {\n                content: \"\\A0\";\n                letter-spacing: -1px;\n            }\n\n            #jmdcontent table {\n                border: solid 1px #EEEEEE;\n                border-collapse: collapse;\n                border-spacing: 0;\n                font-size: 0.9em;\n                line-height: normal;\n            }\n\n            #jmdcontent table thead th {\n                background-color: #EFEFEF;\n                padding: 10px;\n                text-align: left;\n                color: black;\n                margin: revert;\n                width: revert;\n                height: revert;\n            }\n\n            #jmdcontent table tbody td {\n                border: solid 1px #EEEEEE;\n                padding: 10px;\n            }\n\n            #jmdcontent .cancellation-policy, #jmdcontent .jmd-bordered {\n                border: solid 1px;\n                padding: 0em 1em;\n            }\n\n            #jmdcontent ol {\n              counter-reset: item;\n            }\n\n            #jmdcontent ol > li {\n              display: block;\n            }\n                        \n            #jmdcontent li {\n             list-style-position: outside !important;\n            }\n\n            #jmdcontent ol > li >*:first-child:before {\n              content: counters(item, \".\") \". \";\n              counter-increment: item\n            }\n\n            @media (max-width: 1600px) {\n\n                #jmdcontent table, #jmdcontent thead, #jmdcontent tbody, #jmdcontent tfoot,\n                #jmdcontent tr, #jmdcontent th, #jmdcontent td {\n                    display: block;\n                }\n\n                #jmdcontent thead tr, #jmdcontent tfoot tr > th {\n                    display: none;\n                }\n\n                #jmdcontent tr {\n                    border: 1px solid #ccc;\n                    margin-bottom: 1em;\n                }\n\n                #jmdcontent tr:last-child {\n                    margin-bottom: 0;\n                }\n\n                #jmdcontent table tbody  td {\n                    border: none;\n                    border-bottom: 1px solid #eee;\n                    position: relative;\n                    white-space: normal;\n                    text-align: left;\n                    padding: 5px 10px 5px calc(30% + 20px);\n                }\n\n                #jmdcontent table tbody td:before {\n                    content: attr(data-header);\n                    position: absolute;\n                    top: 1px;\n                    left: 1px;\n                    width: 30%;\n                    padding: 5px 10px;\n                    white-space: nowrap;\n                    text-align: left;\n                    font-weight: bold;\n                }\n            }\n\n<\/style>\n<div id='jmdcontent' data-jid=\"795789\" data-jtype=\"imprint\" lang=\"de\"><h1 id=\"jsectionimpressum\">Impressum<\/h1>\n<h2 id=\"jsectionverantwortlichfrdeninhalt\">Verantwortlich f\u00fcr den Inhalt<\/h2>\n<p>Ren\u00e9 Frutiger<br \/>\nH\u00fcnibachstrasse 68<br \/>\n3626 H\u00fcnibach<br \/>\nSchweiz<br \/>\nE-Mail: <a href=\"mailto:rene.frutiger@me.com\" rel=\"noopener noreferrer\" target=\"_blank\">rene.frutiger@me.com<\/a><br \/>\nTel.: 795452059  <\/p><\/div><a href=\"https:\/\/www.legally-ok.com\/dse-legally-free\/\"><img decoding=\"async\" src=\"data:image\/png;base64,iVBORw0KGgoAAAANSUhEUgAAAGkAAABnCAYAAAADiGxKAAABhGlDQ1BJQ0MgcHJvZmlsZQAAKJF9kT1Iw0AcxV9bS0VaHOwgxSFDdbIgfuGoVShChVArtOpgcukXNGlIUlwcBdeCgx+LVQcXZ10dXAVB8APE0clJ0UVK\/F9SaBHjwXE\/3t173L0D\/M0qU82eMUDVLCOTSgq5\/KoQekUQAUQwhZjETH1OFNPwHF\/38PH1LsGzvM\/9OSJKwWSATyCeZbphEW8QT29aOud94igrSwrxOfGoQRckfuS67PIb55LDfp4ZNbKZeeIosVDqYrmLWdlQiSeJ44qqUb4\/57LCeYuzWq2z9j35C8MFbWWZ6zSHkMIiliBCgIw6KqjCQoJWjRQTGdpPevhjjl8kl0yuChg5FlCDCsnxg\/\/B727N4sS4mxROAsEX2\/4YBkK7QKth29\/Htt06AQLPwJXW8deawMwn6Y2OFj8C+reBi+uOJu8BlzvA4JMuGZIjBWj6i0Xg\/Yy+KQ8M3AJ9a25v7X2cPgBZ6ip9AxwcAiMlyl73eHdvd2\/\/nmn39wNo2XKjkauJ8AAAAAZiS0dEAAAAAAAA+UO7fwAAAAlwSFlzAAAN1wAADdcBQiibeAAAAAd0SU1FB+YFAw4CKjWP9P8AACAASURBVHja7X15mFxlme\/v\/c45tXd1V\/W+pTtJZ20StgCGRQSMQQQGF8QZhyvqCI88F5er4jgzatRxrhICjCHKKNcFUZBNGAUFZQkQtgSSkD3ppNPpTnpfqmuvs3z3j7fOqerqqu4OtJkwznmeerqr6pxT53zv926\/9\/e9h\/AO3BI33tjsDQTG6JZbojM9Rl5\/vZZWlGb30FAXPfig+U66X3onXWz6q19dJlT1HqqsrLOSyaQcH3\/VlUjcQOvXj5cUzpo1wojHvyn9\/r8V5eVBOTYWsWKxNe516+77HyHN8pb8whdalfLyp8UZZ8yDomRVKiGtHTs6RCr1dXXt2t9MEuqNNy6h8vJfikWL2lFV5XEEt3dvP\/X13aDeeutj\/yOkWdrkTTcF9WBwkzjrrFOgqgVfSsgjR0atI0eed6VSN9C\/\/3u\/vO46j1FT8w0Kh6\/FkiVNjlDzjrG2bevGwMAVrvXrt\/+PkKYa\/K99rdpIpZYaUnZ577jjcNF9rr5aMdra\/kxnnnkhPJ6S1ytTKcgDB45QMjkITQvS3LmtqKjQSv64acLavHmfNjBwPv34x0NFz\/mFL1QYur7EIOrz3nln51+dkPRvfOOrsrz8RgqFqikWG7cikX6ZSu0Q8fiP1IqKl2nNGkted50nU1d3v9LevhqhkGfWLyKVgvX669u04eHL6Mc\/7gWA1E03zVc8nn+QbvdF8PvrKRwOUzweN\/v7n3V9\/\/t\/R4D8qxBS+stfXi6am5+k+fPrJkpOh+zrG8fw8DEYRkSqaojmz59HZWXqX+xiMhlY+\/YdpmSyXwrhp7KyGjQ11ZDfP1Gr+vvjcs+ef3Hdeusdfx1CWrPmCeW0094\/yb+8lU1V+aUoIFUFNA0wDMA0IQ2D\/zcMQL59BbBeeWWnpqqn0po11okcL\/VEC0j+0z\/VG8HgsuMWkKqCQiHA4wFcLkDX+RWPQyYSoGgUMpUCUilA00BeL+DzgTweIBxm4WkayLIg02nIsTHe93hmdEvLvMzevdcAuO+\/tZB0l+sb1NzcNP2IECgcBgWD7ATGxiC3b4fs6uIBnuI4EAFWicnu84EaGyHa24GmJtbCRAJyeBgwp85xqa7OJzo7bzrRQjqh5k6uWRM0vN7N1N6+sOQFlZWBqqo4TN6+HdabbwKxWG4HReHB9PtBfj\/kwAAoHAYqKiAPHeL\/KyshDx4EAgFQZSXk0aMsdL8fMhKZKAyXC7RwIcRZZwE+H0+G0dHS5rGjY9A6cuRK1223vfLfTpPkmjVhXYgHxfz5C4pqTVUVqKICsqMD5lNP5bRF04DyciASAVVXA8Eg5MGDIJeLPx8a4gFVFNYge3ClBCkKa4ppgsrKgMpKYHycBVxTA3nsGJDJQO7eDXPnTsDjgVixAmL5cshMBrKvb7J2zZtXTcPDP0t97nNXen7wgwPvKCFJKclYt+7rpKqXSyAgpeQBM009a+YqRGNj04RcxzZpFRWw3ngD5iuvsJnSNFA4DDk6CgoGgXAYMhYDMhlACEDTIHWdzYCqQhoG\/y\/EBCE5702ThW2agGGAystZeLrO2lZbC3nkCEd6mzbBevFFUFsbxMUXA4rCmqjrfF4hQGecsVjt7Hw+s2bNIIRIkWFoksgFIoKUaaRSW7XBwc\/TT38aPamEZNxxxzepvv4rKC\/30QzsKFVUgGpqYG3cCHN7Nun3+4FEAvB6edYnk5DxOJswnw8ymWTtqKhgYZaVgeo4iqdQCGhsBLndQCgE1NaCKio40KioYK2zLNY4r5eDBssC+f0svEwGVFkJlJez3+vogNnRAWppgXLZZZws9\/XltHvhwjoB1BX1G\/H4qca2bfUA3j8bYytmTyfVD6G83DftfpoGMW8ekEjA2LCBfQ4AuN2g+nrWnFiMBzAQ4IF1uyEaGkDV1aCKCojaWpDfD\/J6eR\/brLlckKrKZk\/TWECKwtoSDoN8Pv6N+nr+PhAAysqAaJSPCQaBdJrNY3U1qLoasqsLxo9+BLl1K8SCBfx7021+PyEUWiY\/\/\/nak0ZI8gc\/cJPLFZw2Sqmpgaivh3nffTAfe4zNXWsrz\/hUCkgmecZn\/Qu1tIBqazn\/KS9n86XrPMCWBYyPQ+o6YBiQQ0NsDuNxyMFBvq5olAMFKYFUCjKd5mOz4T\/V1HCQomlAdTULeWyMv7d\/DwACAVjbt8P4j\/+wQ3EW6lRbKFRlSHnKSWPuMsnkPFFWFih52UJAtLZCdnbC+MMfWGsqKnhA0mnOYyIRyHgcYv58HjQiwO3mgUskQNlBkZEIqK4OorkZCIXY\/Nl+yI787ADC9ktZgWJoCLK3F3JgAEinWWvTaYAIwtYut5sFBECOjABeL2veyAjk8DDMBx8ELV4MZfVqWEeOlMy1yO93S7f7TABPnxRCUqScB6+3vOiXXi9ESwvM3\/4W8vBhxx+hrIzzk6Eh0IIFEIsWcXBABAoEOG+JRh2zRwsXgs48k9GDo0chu7sht2\/n96WjmZyzLy8HKis51PZ6gXQasqMDsqcn52fGx1kojY0sICKOKA2Dw3KPB+TzQe7bB6O3F+rHPw5ph+xF8jFLUZaeNJokXa5lpGmTzkXBIKi6GsZdd3FU1dwMOTgIOTjI\/qGpCYjH2ZzZQotEQNkZTfPmgWprgcFByDffhBwfny7ELIHnWDyQo6OQBw44PlAsWgRatozN5s6dkNEoh+oAkEiA5swBysogDx2yk1nW0kgEiERg3HUXlGuu4XB+YGASQiKI6k+e6E5Rzoc2sSpAoRAQCLAd13XHuVNdHc\/edBrU0gI5MgI5NsZRme2LTj0V5HYzwrB5c2lkweXifMnl4mMVhc2baeZC70wGMpNxorkJCPj27cD27TyZTjuNNXjLFs6fpMz5SrebI0RN43DcsljbRkdh3ncflMsu4wnY3T1xzmha3UmBOGRuu+1s4fc\/jMZGB+qxEQPz179mE2Fn\/ZoGmj8fJAQLprIS8Hh4UFQVYuVKzntef7049KMoPNODQcbm8vOiUtqUfS+lZP8Tj7NZTSYn7isla++KFewvX3yRNTCR4OuurYUcGoLs6uL7CwYh+\/vZRAIQF14IsWQJrK6u3CmPHYti375vaevWrTvhQpK33RY2Ne0yqap\/T273MlRXN9jRDoVCgMsF8xe\/4BsPBNjx2qasoQFUVcXRWCrlBBVYvBjy5Zf58\/yBI2KEIBzGhPLBNMKR+Ultsf11nSGg8fHJfs3jgTj3XEhdh9y0iSeTEJD9\/QwteTxAXx\/kyAjfLwA5OgqxciWovZ0npH0d3d0jsrt7L3T9ITOReMS7YUPXX0xI8kc\/qjHc7n8mYCWEqIPPVw+vV80PRSkQAIVCMO6+mx21prGtDgZBbW0gw4AcHuYbM03IVIqz+p4eWLt2TQZFs\/ANud1TCkfOQGiTzp0vvGiUJ4dlTTiOmppAZ58N+dxz7NNcLvaR8Tisw4f5fU0NH59NdJXLLgNqa3OJr\/0bkYhEf3+\/jET6LV3fhWj0e+4779wxa0LS7733PJLyVygraylZYvB6IRoaHB9ENTUO5gbL4iipooKddzTK+c\/KlbkBKEh4KZuwljRdpQQylQaV+h9g\/zU8DBmNTvzO5YJYtcpBIaisjPMwn4+T38FBNnt2CSUSgXLNNWy2R0ZKDKgOeeBAP0ZG1mnf+97aWRGSce+9L6Oi4l2YKg9auJAFlOewKRwGzZvH4e7wMKi8nLWnpQWYMwfWs89OAjCprIxna56\/kTMxcXZeVPh9qWNKfZ5Msvbna56UoBUrAL8fcuNG9rO1tUAiAaunh7+vq+PBP3KEI7IbboA1MMC+r1QR8Y03Dmmjo6fQ7bcn3zbiIIWomPIkc+fC\/M\/\/BJJJNk\/NzQy5CMG5TiDAAopEIBYuBOrrYf35z7koLDtAVF3N0R8AaVmQUrLWWFbOFNnvTTP3uf1d\/vtSn9vv88+V\/97t5gFX1QnXJrdsAXp7IS67jH97fJxTiVAI1NrKE7GnxwGAjXvu4ckoSg+xKC8vS5vmtLW1mcFCUpYsYVJVFSeFhw4BROw0MxnQggX8XTQKOTAAGYtBrFgBqCqs556bNMuppoYjpmIDOJPBn27fUsIudh5F4evJ94UA5L59kDt2QKxezdFnIMATyzDYBKoqqLmZA6VkEuZjj0HMmVN6WNPpjFtRhmdFSCRl8VKoywUKBGA++STPqJYWtsVjYyBdByoqONdIJCAWLQKIYL3xRm6QbA2qrWXNm+msL3yZ5kStLCWc6QSer53ZMsokjTpyhMHWVavYNI6NsUZVVzuYnhwY4IDm0CHIY8d4DIoJKZWK0e23j8yWJvUUy+bFnDkwH3mELyiLYVFrK0RDA+TwML9SKfZLlZWwXn11ki+gcJhLFDMd2PyBnKkQpzOXhabTftnXl2+ypGRI6vBh0MqVwMgIB0jV1Syg7m5O1OvqAL8f5uOP8yQsBsjq+tisoeBkWS8W5hJUXs6zqr+fLzKZhDxyhCORbK0I8TjI5QItWgTr+ecnO3Q7QpqJQPIHeTr\/U0yj8jVupmbRsiCJHMA1\/\/flnj1s1hcv5jxrZAQYGOB7b2nhWpfLBRgGzKeeAjU2TgpUyDAGZ01IFrAfhqFPqKjW1cF84gkmdtTUMM5VWcnq39\/vJKL0nvfAevrpiYNgowfh8NQO3s5vphrgUiau1L7T+DSZ\/7L3UVUGZQsT5pdfZiGpKqcaoRAHTVmNkqOjXNndvdupi00Iw02zZ9aEJIgWQVHU\/GDBevllztoTCYfoIVpbWYN0HbK\/H+KCCyBfeaUonE+hUC7MztcAWxiFQnmr\/mYa85cfRcqpzKDPlzN7eRpl\/eEPEJdcwrih388ljaEhBpRrajjyU1VYjz0GUVc3EeISonFWhCR\/+ct6i+gL0DTKH2Br82agvJyFkslAjo5yeUHTONepqYE0DMje3slmzp6ZxTSk0KQdrzDyg4himpInEFnMtBbTtnzzXOibUylYb7wBOv10oLubCTOhEGj+fEb2x8b4d4eGGOh1uXJCqqg4Xf\/Sl979tpJZ8\/77r5dS3gy\/f749i6iyErK7G9bGjQw0ZjWCiHJVUCKIK6+E9bvfTcbFpGQszEYT3krCWQzmKXEuOR08dDzXIKUz6IXfiauugvmnP3F53aaGdXez8L1e1qyqKogrr3QSXkgJuWvXUYyMPKgmk\/9I69enZywk+cADbSZwD1R1GVyuCUV90dYG44c\/zCEFmgZqbGSBAcyDW7yY0eYDBybfvBCcRxTQr6ZFsovVigoGXE4FD5U61\/Feg13mx0TmPgWDEOefD\/NPf8ppJhGj9h4PC21wEMpnPsPWJR9piUQMa\/fu\/ZRKfUFbt+5P0wrJfPTRr0op\/zdUtWlS2Oj1ggCYjzwCamhgNY5EGGPTNK7HxGKsRY88UoqkweDrVAMz3eel4KKZHDfD0sak\/fMCGRmNFt1fWb0a1quvctpRVZVDXCIRRtstC9TeDnHWWRxcFQLFBw8OWceO\/cHl812Xzzef4JOM3\/3uKghxMzStqVhcT9XVsDZtytF4AwGunjY0cF0oEgEtWQK5c+fkG82+yOWaOtsvjNDy\/JUseE17XLGIcCqfN5Pj7IJjwX1BSpibNnFNTEoOngYHIXt6WECBACMqe\/bw\/0WKmNTWVqUsW3a1nkr9e+nKrJQ3SCHCJR2YovAMEIKheCGA+np2lFVVPIPmz4f16KOlS9k202cGZkjOdNaXKkPMwnGy2DE24aVws6lhisImzQZi7QJlIsECGxzkcDydLsYy8sDjubC0kIhKorFUXg65bx\/\/39jIPxqPc12or4+jldpap\/Rc1DnbzJ4S5kdOVUqYicma6TGlqrczPa4YepD9znrjDYjly2Ft384C0nVmKdnVYADWSy9BXHppjgQz2dfqJUNwSfQfMM1I0QODQeYEAExeNAygqooLY42NLKT2dsgdO4qaAodyVSpxnMr8TZUvlTqu0Gzl7VMYhk8wn1Mclw8XFb0\/LpnnKtHHjnFSm+WrO3z37m4UckKcLR6XSKc3ldQk7fLLnzQfffSQBE4vZqbk0BCburExYHSUw+jKSuYbWBZHMfH41HlXYfh6vJFdqeNKhNZytiK9qTSxUCMHBzlViUQYVbHrY7ZJzOZXEyJc+zY6Orq0WOxbU7KFpJS3w7J+BCH8+WGzvfyEqqvZ8dkogl0Sb2ycxJaZMmw+3qhqmoGcltNQ6vuZVm6LXVMps7lnD2jxYsitWzlnikQ4IkwmHV8mOzpADQ2cW+ZQcWB8\/CXasGF4SiEp27f\/yli27GZyux2KLFVUQO7fzyeKxzlu93hyDNKxMWDu3JypK7houugiJnDEYryPXQo49VSHySq3buXPg0H2bfv3g9raOEs\/cgS0dCmvOUqlQOee63CyrZ07eXKoKpRVq3jSHDsGy44wFQXK+97nXIv53HNAPA6xdCkDoek0rIMHITs7J08mKSFOOYWhHSlhbdkC2dcHccopXIYYG2NkIZPJTVAiyMFBiPPPZ+5DNOok9BQIOFGw3LULtGgRY372cO3f363H41+ZFhaiNWssYVmPTjAfHg9kVxerZyIB2d\/P748cYdpuLMY1k5GRonaa6uthPf44Z93t7UyIX7GCCR1PPw1Eo6CzznJIIbRkCdvwOXMg5s7l\/GLRIsh4HNI0QbW1MJ94AuYTT3D2brOKFIUR54ULHbILhACEgPn738P8\/e9zrNimJlibNsF87jmIhQshli4t6o9ozhxYL7wA889\/hrJ6NbcW6OiAeP\/7mdexcqWDXUKIiUGFEFxnmjuXJ0RNDbsITXMgtAljH40e8N9557EZkSMl0cvSsiQJQQBAHg9XHl0uRrt1ncnxHg\/\/LSQeFsJAQjCEHww6TlQ0NcF86SXeZe9eKB\/5CMw8xyxtcggRpKZxuGprptsN5UKOUq0dO\/japHRYsaRpTvII0wTV1UG56KKcJtlQlWUBqRTMZ56BctVVwJtvTo7sLItzH02DtXdvjl20ezfUz3wG5n33OZZhwm339jKumUxyaT0W43HKh8kK\/pdSHp05g1WIa2wBAYA0zdxqhqEhBglVlX1TdgY5WXgxP6RpjrmSR4+WDsFte93fz6vt+vp4ti5ezBpjI9fpNAs4mzQ6UZe9+Cwez00cy4IcGID5wgs5vl1hhEjkrFgvdv3W5s1AIgHlgx+ElSVNWtu2gU47jSedvU43LzGVQ0NcLXjzzVyA4PMxhRpgTdL1CbRkUpQlM0LB9cceuwhCvHdCNdKWeJa4Lvv7OR\/q7gaOHAGqqjhBKxH1yHQa8oUXONvODqp14ADozDMhAdDpp8Pq6MgNamcnkxMPH4bs6oI4\/3z2GYWZf77\/sCzIkRFYmzdD7tkDccYZE5NmexDzkQZNA4VCUC69FNbrr09fEvF4cucqfNmfZ02eHBzkqC4QALW2MvehtpYB6Sy4LIeHc+cEgNbWxfrNN399UpwwYTAffXSZBO6HqjZPsJU+H+S2bcyFyy70okCAeXSKAmpq4lmfvwC5MPqysarsTcmjRxmUXLYMGBmBtXVrbufxcdbOAwf4nKqaK5xJCXK7IebOhWhsZKFnFyJTVmvkwAAjIL29bFqrqiAaGyGamngyZZNKamtjE\/z66+xji4XbRBBtbUBtLayNGznFyN4D2feVLyT7f11na7BjB\/\/e8HDulQ0WqLKSMT6belBW5oKuL\/\/68uWD39m0adskgFX+8Y\/1lq5vlMCCCaqrKKBgkHndgQD3Rcg6Y5SXcz1\/+XKOzvJWPchSeYQQuZrKVKHuTMoUb5W1Ot1nJWEXmow4FGpS3nvl8sthPvggmzkbccm+5NAQRHs7aNmyidRqAHLnzmMYHv47be3ajY65kw884DJ0\/XFJtGAS5KEouZwoFuPi1cAAZF8fm7zRUV4BkckwX64QXil8FQMviwGbUwGf0xUEC9lDxaCoUuWP6cojigJx+umMveULpTCyyxMm1dYyUSUU4kJgdpmoTCYxqYMYAGpvbyC\/\/2fJz39+jhM4WIHA52BZxZcOZptRAGC026712zY6FmPNyIu+pp2lhjGZNHicONuUA\/lWNGW6\/YgAjwfqJz4BmjcP8mc\/y611mkrruARRvHVOdpVh0WNPPXWu+uqrdwK4koVkmhcRkVYK+UYmw28SiVwQYcPxhpErXRS50ZQlsSWahE8InFHmyfGuZ1oZPR6BABjVDfysP4JlPjdWhfy4u3cURIRP11Ucv\/AKNEW97jpuV2CvECyEdYr5JikZGir00WNjPK6l1t5qGqTb3exokiB61QJWU0EgYYfFlPUhk9YMuVysTbqe64tQsI0ZJm7tGUaTS8UZgbrp\/UUpyGWGGpA0LTwzGocKYFXIjxejSQgp8ena8pmdy165LkRucmb9C7W2wnr++RzEY5u5QsEUbjblOn+Lxfh3St0npz2DOSFJeatFdA2ApcVMk8yGiTbhz8HzhMit6rabMpXA1WQRDE8CeHU8ib3JNMqEwMUhP0KKsGlk2DSewLG0gSU+F0YNCwTCu4N8LR3JDLbGU6hUFVSqCnozOs4vz4a2tmeU0vljSIk\/jcZQqao4O+gFAAxnDLwWTWKeR8MivwcIBqFceSWXGnbuhLVxI0ehzc0Q557LlIBUCohGOWzfvt1hq5YMLiyLzV2hZtruohQwvHNnj4xEvugIia64IiEfeeSDpqo+CSFaCyVKPl\/OhuZz2kwTUlFA6TQHD\/kheCHoWMTXrD06ghcjCXgFIWVJ\/HZoHLfNq0W1S8W3uwbxeiwFKSUIgEqEsKbg3cF6PDUaw\/pjo87pVAJ0KdHuc0OhAoWEBEFCJcIzYwnsT6Rx76IGlKkKHhkax8NDUaybXwf4fFCvv575hPfey7lNKATZ2wvliiuAWAzGAw8wclFZyWlISwuMu+8urk22KcwuQZ0QFJkmI+R29aBwO3BggEZHv+TesGHXhGSWPvSh\/VJVr4NpHp2kdllSn5PIDg8zSJhtTIGxMc6ZivgQWSzCkxJ7Ehm8GEngonIfbp9bg39prkTEtPDQ0DjeiCaxJZrEOQEP7lnYgO+0VDvnMqTEj3tHEVIEvje3GnfMr0G1pmZ\/x1YgOaG6a1\/DB0IBpC2JP4\/FoVsW\/jwaxzyvC+1+N5RLL2WM8bXXYO3YAfh8UK65BurNN4NaWmDt3Alxzjkwn3oKxtq1XBYfGCht5lSVzaV9zy4XR3bhMEd6Wc5IIZtKdnWNyd7e29Vbb32geD3psss2Gr\/97f8hKddLVa2Z8INZNByhECYsJEunuX7S0gLZ0VHUVxSzuj1pHVJKbIok8No4R48BQRjSDXSndUCyTwlrCsKqQJtXw5BuYSCjI2FaeE+5D6f4ePK8r8KLn\/VnJmttnrmDlDivzIOQIvDEcAzlikDENPGpSl4+Ks4+m5HuZ57hcxw6BLOvj8HRUIi5hjt3gpqaoLz3vZD9\/TD\/+EcuRdj+KU9gVFnJQsxkOFXJL\/vYiwCqqnii29vQUALd3fdoa9d+b0rsTv3gBx\/QH374Y6QoH3RmSFYoUtdB8ThHdZlMrjFgWRnDMCWSRSklEpaFTeNJZ5YHFIKUEhdX+HFDfQUSpoWOlI7TAx5sjiYhIfHkSAwL3BoOJTM4kMggpCmoVFVoRHg9lkJ\/WocmCC+MJ5zzSluJkRMYZb\/TBGF1OID7Bsbwk74xBBSBC0MBZ\/WEHBri8kNNDcRZZ8H4+c+hrVrF99DXBwqHIVauhH777UAyCXHOOZAHDrCfKtAmqqxkkDUcZg2yQWlddwRDVVUTWEPWgQP7NY\/nizMCWMmyfiot6ypS2MI7LcnicQYv7QjI7WZYxc6VSgZNEkMZA\/\/3yKCjVt9qqcKqCj+eGInh6bEYMpL9xk\/a6nGm34NlXhdeGU\/glayWqURQALgJ+Hh1ED\/rH8Mn9vEM1YiyiiNzupvnk5ywhQgfCAdwf\/8YhjMGPlpTDo8gjlrjcVBZGZu9+fMZYcl2ZIGuw3zpJe5rdNFF7KMyGcjOTuZ7FyIQ2SDL2rqVl6YKwecKBhnBGR9nwdoaZQdoprmLvvtda2ZCAk5z+sRkAVJb6tTczBduf20YDiGlWBherQisn1fYB0mizqXhzIAH7y73YW8iBQ3A+UEfqjTOAv51bg02ReI4mjHR5tVwe88IajQmsny0qgxtXhe2RxOodKmoVVV0pTOo0BQIKXFdTTnme5g6dk1VOQjSMUXVbg0LfC7sj6dxRXU5f67rMO6+G+LUU7k1zTPP8H0RwXz0UV77mkhAJpMwfvELrqju2zcRAS8MGLxerl15vXy8HSDYDaps5lQ+kiFEzYwYrFJKsh5++A3p8Zzm7BQOQx44AOu11zhSMYxcv9Os4xNnnw2ZTE70S8eTOBb4sG92DUIAmO\/WsCOZxpuxNK6tDeLj1eUzP3eREsJAxsD\/2t2Ns4NefLutYVr8rWSSWixgsD\/TNCjnncck0rlzc5FxMsnjFo+Dysshrr56AuXA2r79sNbXdzatXz84ZanCfPTRD0HT5hVmx7RoEf\/f1+d0xKJsjwaqq4O1Zw+jxTPFx6bA1XTTQpNLxf54Gr8ajKAnqePva8rwsargzM5dAkMDgIMpHedV+HFNXah0yaEU6jDdPvbb1lamvxkG91MaGGALEwzm+vMtWTKJtEMLFrTqXu+\/TWvuJPCPUJTgJDTZ7rnj8\/EP2cBgtsuIvYD5uLCxEoPsEoTr6ypwfV0FLEtCzGSNfGHdqMQsX1nhx8oKf2lEezptKvV93udiwQKYv\/oV8zcMgxGKSCTXecymAxT0IyKfDzIQuFjedFMw\/yEpakHB7zwhxDxZAqagcJh\/MKuyMh7PgaWaBnngAIfihw\/PHGydRnAlBVTsfNOZqJmYryI0q6I+p9T53G4eH13nCe338\/7JJI+ZXcEukciKBQtajUTiXwDcXNzcEX1REhWnGUejoFNO4RDy2DGO6Hw+bkMzbx7zxLdt4yJeIed6JiWB4zGNiU\/CGwAADvJJREFUxfYvZpZKzf7pTNhbMYG2Fi1dyou3iXicOjuZckDESayNQBTBOQEAZWVCatrFJc0dAWUlx3J0FLR0KfD88w7tCgDH\/sPDTPzIQh\/k83HjpLdaOpipaSyc4TPRppnsN5WmTHNOmjMH1pNPchQM5FZUjI1xNKfrEOedx6XzUpuiuEsHDkS\/gGmWbCpH2SQNySSvtzlyhNu5RCLsj8rLYT37LMQFF0wsabyNIKLocdNFX1NpUylNOR6tK6VFixdDZlsgOL3Fs0syqbo6R3qprS3ZKUVGo6ZMJLaWFJJ6xRW\/JmADdL23KI98aAh03nnOsg5YFvOb587l9aEej9NhET5f6a6OU5mv6YQ5k4GcaXQ2nXCP80ULFzKhJUsrkN3dHGInEpzIcgRXWkA9PRFr27anXMnkZ6bMkwAg89BDpytS\/j+paUugqhMeiSPa2mBs2MDLOhobczy00VE2fZrGBJP3vAfmww\/nShpvN4iYKkcpFZXlm69S301lDqf7LO9\/sWwZ0NcH6803naYjiMU4kU2nnV6wyic\/6Sx8drZEQlq7dh1EMvmvrltu+cW0lC4AcH3kI1vFrl0rKJn8LmKxrgmJZiTCfUyzDBjZ2cn4k6aB5szhDop2J67W1uKLt44niJipltgcg2KOPv+72XzlldWpsRHWtm0cMBw+zMGC18tj0tDgYHXkdk90BR0d\/eaWLb\/WentXFBNQSU2aMG6\/\/GWbKcQfUV4+Py9MhLF+vQN\/UGUlh5SZDDvEWIw52NdeC\/OXv8x1GD5ejZoqNzlebXor2jND7VIuuQTWE08wT76+Pve8C2RbIbjdkMeOQbn22hyTFQD27u1Db+9n1XXrHp1qGKZtEUDXXttBprkBup4jAY2PQ5x2Wm6RsssFDAwwyzSd5pkjBKxnnuEmfYWkxJn6nQLC4bQh8VQa8xfSJmpr4wBqcJAHPxIBwmE2edmuzHZ\/ISorywnIsmCOjGyfTkAzEhIAWIaxHUbOiMqBAY7gwIum5OHDkOPj3N+upYUTOkXhi49GIZYvnyyoUiZuJuZrpoP\/lzJztoDKyyFaWmA9+yxHb34\/lzuyrQGotpZLFQDEFVfAyu8maRggw5jRcwJn1ltIVedDzav0SQk5NMRLTbLdfqmlhauO4+PMBjVNDsk3bgS1t+fyqlLCKsVdK6ZN\/4WCcV5uN8S73w3zN79xfpfq6nLNCbu7uatkJMK+2eudGNUx97tu1oRkARdAUWhScrtoUa5NWJY6LAcGmOk6Z47TCsB86CGI97\/faSo7rU863gE\/UYKxX4oC5b3vhfXQQ0zZKi9nWkF\/P7dAaGnhB6CMjQFSQrnyygnNc+1gRqpq7expkhDNxTogWkeOQHz4wwzBHz7MC7zq6pxmsrKnxykGmg88AHHVVTm2Uan85GQSTLFrFIIF9PjjThN6ZDteIhrNmbpsXqSsWsXBVDHCiaqGZk1IEKI4aS2dBnQdygUX8IyqrWW0fHCQCfz2eqFQCEgkYD7yCJSPfpTt9GwLZrpzzEbSqmlQVq2C9eyzTPWqqOB0Y2CAW6c1N+f64fX3c6eYtraSDXPJ5QrI668vnx0hAd6SIfrgIHenb2pip9nTw\/WnigqnzaUcHGSbHIvBvP9+iL\/5G34Ewl9aMLP58nigXnoph9oHD7JFqK7mhWLj47nm9E1NzrIa5SMfmdDMfdLm97vTmlY7O0KyrCmfqGUdOgTlwx\/mGlMymSOoj4\/z8hOvl9HyUIh7k957L8R55zHxvdiAnyyCsTG52looF18M89e\/Zg2pqmI0YWCAO5XZk7Gnx1l1qPzt38I6dmzKhznKaDTmlvLY7Pgky1qD0dGjJZdcWhasbLLm0HOzHD14PHwT2bbTKCvjta33388O+OqrJ69QOAkE4wiovZ2JKXffncMlQyHWoEiE1zv5\/ZwbZjJALAbl8stZOMXIojartaNjhMbHf0M\/\/GFs2vGfobmD\/MlP5uqK8l0iaidNq4XXW1vY7ZfKywG3G+Y99+TQiIYGDkl7ejhUb2pyOlYB3F1FrF7NK7sPHHjriMFbwd6mOI8IhyHOPpvJklu3csQaCLAmVVTw6ka7Sa79sJHBQYhzz+WlpwXRnEwkgMHBiBwc7KNU6hAymbXabbc9OyMlwVvYUj\/84TyF6CMk5RXS51tIVVUOy4WqqoB4nEkYVVWc4GX7ZVNzsyMw+5kWdo8iccEFoOZmWM89x6HrVDDPLMM6E+pBbje3xtZ1mL\/7Xa4453LxBMs+7Mp5YsDQUA4COvVUiHe9K9fPjjkhURw+3CF1\/TnE47\/WqqreON4nPr\/tp77od9yxmgKBn6KursE5aW0t5NgYN4LK9hOi5mZGIbq7mXvW3Mw3PDLCtahYDAgEoFxyCT8g6pVXcoWxEyEkjwfKGWcAHg+sp55yNIHmzGHu9tGjjFGGw+xnbZwumeSHiZx+OsS558LKPmsJANDfn5B7996prV371bczxrPyMGDjBz94EnPnvm8CY6aqinlr997LZq6hgW8uleJkzzQhu7vZRFZXc55lr9ILBJgYn10LZO3fn3PAsywkam7mrv+ZDKynn2bNVtXcg6tcLi7J2OiB3Tauu9tZyS7OP59XYhQ07JCbN+9Uv\/Wt5VRidepMt9l5EplpPk\/p9PvyV1LLoSFQRQWUT38a5s9\/zkLI9lSAqrLAhOBHlY6NMdOzuZmR9P5+boxBBFqyhDuaCMGIRmcnkzneqpDcbog5c9h0uVz8IOD77mN4y+vlwCYezz33qb+fmVCVlU6jEaqvdxAT5QMf4EXPnUVgOMPoe7sCmjUhUSazA7puwuNRJvH1DAPqZz8L8\/77nWABIyMOOgFkH3Do9\/MMHR52Ag7Z3Q25Zw\/MXbvYRLa2gk45BSKU5cyl0\/wks2jUSaydLihuNw+018uotN3BP5GAtWcPrJdecp7fhLIy5hH6\/fyc2c5OvsbqauYo2I+3q63NVVu9Xiif\/jRPqt7eYgKCZZr9szG+syIkU8qDIp2OUFnZJKaRjMUgOzuhfOxjsDZv5lbVWf4eysq4OJaliyGT4Wfp1dWx6bMf8aOqrEW9vY5G2rQoqqnhY+1HutldWtJpnvkDA\/zIuUhBh7hgkAWUTrNpsydVKMRYnJ2QV1ezYAYHnd+lOXOgXHUVrKNHnfXEk7ZkEsKydp00QnKlUp1mOh0DUJwOZhjcXGPJEigLFnBZ3a7sjo3ltKi\/33l4L+yln36\/QyykhgaOphIJntV9fSy4oSE2UXbTw2x3FCevs5dDZh\/CJbu6uLYjJS9LSSR44UEkwqYtFGINGhnhxNzj4c8VhZ\/f19oK6+DB0q16eHLqSKe3zMb4zsrDgGnNmgQZxvi0vqu3FzIahfKpT0G55JIco8ZecBWNMjBJxDQor5cjwkSCB4qIudRZUwbLyj1vCdlH+9il6jlzWBD5T3CxLAZ8NY01INuQXcZifD63mydNtncFolEuu6RSoAULoN54IzdntLuzTLVFIkN6Or37pBESAFiZzFOIx9PTJ1kpJvXX1UG98UZuRRaJ5Lpt+XxsqjIZHuRskyayG6dnl346yxs1LccZyH8wsN3cwv7ObmMAsNbaC7\/8ftYSKVkwqRRrazzufKZ88pMQF17ILdciEczkHjE8vM93111HTxpzBwBqY+PNek+Pi1T1QrIsvwVASGlZlpUBAOHxhFFfX2eXLmQ2CRQXXQRavRrmc89B7t7N+YnNM\/d62YzZS0nsNbtud25luKrmfJT9+FJbSPbTmk2TO3dlAwvyeFh7TJP78EWjbF6zApWjo6D6eojVq0EeD6ze3gkr0WFZkN3do3J4eARSGhBChaLoWdNuUSJxQB0Z+YdZG9vZOhF99KMmgJtKfZ\/8539uUUdG7sPSpSudBylmk0QpBMS73gW66CJYb77JXbFMk01Nfh3L5ge43TlczDZdtpDymTi2sA0jt8gtnc41DIlEcp0ch4bYzC1fDnHOOWwGe3tZsAWFSmvLlg4aHf2Ua\/36F3ACNsIJ3OTXvlaph8OviiVL5pe8oFCIFwYkk7Beew1y796JvGkidvLZPnvU2spo+\/AwP6cpmeRlkC0tvPTk6FHHZ8n+\/pyAbIETgVpauKddOOy05inlc2Rn5zC6uj6q3XrrMydq3E6okAAg853v\/JyWLPkEeTxT76goDMMEAs5TZOSOHblMv9hmr5yzm3\/kdx\/OK1tTXR13imxtdVZB2GuupiNrWi+\/\/Krr3\/7tXSdyzNQTLSRzbOybak\/PKrS1NUy9o8mwjL2Gx+uFuPBCkNfLa2MNI9eiLJnk1p\/JJAtICA40\/H5OZu0ec5rGDeizDTMm8Q6m2wYHU9D1H5\/oMTvhQvKuW9elf\/vbu2BZDVM9ObJYciiTyYkYixBcog8GQcy+yT2TyTTZ3Ok6Bx\/ZqOztYDRWZ2en5vff899eSAAg0+l\/QlfXaTR3bvUk7RkaSsn+\/mMwzRg0rUzMn98Kr5dKFc+QSLw9cMwwgI6OXiseHyAiH1VV1aKuLjhpNf3wcJrS6QfolluMEz1ehP+iTf\/mN7+LUOhTFArVyXh8RI6M9FM6fYCSyZ8q6fQfaf36tPzsZ0NGRcWDtGzZhQgGZ39C6Trkli27rUjkw+4779wr16wRxujouZbP91lS1WVUWVlHFRXVMh4fR0\/Py2pHxwfowQfNvxohAUDqK1+Zr0q51AS63Lfe+mZRrbv+es2orHyBVqw4p7ASPDEiyQCdnX1WNDoCtzsg5s1rht9PUwUB2Lz5YGZg4MJSSWfqc59bQKq6nNLpHm3DhtdmA9F+xwlpxubxS1+qMvz+F2nFikXF\/Jg8enQchw9vNmOxGzzr1x+UX\/xiWHe51omamsuwcGFNMVas3LHjGIaGrtHWrXvxZL\/\/d4SQACD9xS+2Uzj8uDjttBZn0FMpYPfuQ1YsttZ1yy13TbJmX\/7ye6TbvYHa2xdRMOiUUWRHx5A8evQrrrVrf\/5OuPd3jJAAQP\/KV86THs\/dVF9fj1gsipGRHerY2HV0110DJbXwuus86draO0RZ2WoKh8NycHAYicTtru9\/f\/075b7fUUICAHn11YpeXb1Mc7n66Y47emd83E03BXXDWKAR7ZsJjepk2v4\/e2wSpX00J5kAAAAASUVORK5CYII=\"\/><\/a><h2 style=\"margin-top: 1.5em;\">Legally ok - Datenschutzl\u00f6sung f\u00fcr Websites - Datenschutzerkl\u00e4rung, Impressum, Cookie-Banner<\/h2><p>Die Datenschutzerkl\u00e4rung, das Impressum und der Cookie-Banner dieser Website wurden kostenlos mit der All-in-One Website Datenschutzl\u00f6sung <a href=\"https:\/\/www.legally-ok.com\/dse-legally-free\/\">Legally ok<\/a> erstellt.<\/p><\/div>","protected":false},"excerpt":{"rendered":"","protected":false},"author":1,"featured_media":0,"parent":0,"menu_order":0,"comment_status":"close","ping_status":"closed","template":"","meta":{"footnotes":""},"class_list":["post-449","page","type-page","status-publish","hentry"],"_links":{"self":[{"href":"https:\/\/elevai.ch\/demos\/woo-shop\/wordpress\/wp-json\/wp\/v2\/pages\/449","targetHints":{"allow":["GET"]}}],"collection":[{"href":"https:\/\/elevai.ch\/demos\/woo-shop\/wordpress\/wp-json\/wp\/v2\/pages"}],"about":[{"href":"https:\/\/elevai.ch\/demos\/woo-shop\/wordpress\/wp-json\/wp\/v2\/types\/page"}],"author":[{"embeddable":true,"href":"https:\/\/elevai.ch\/demos\/woo-shop\/wordpress\/wp-json\/wp\/v2\/users\/1"}],"replies":[{"embeddable":true,"href":"https:\/\/elevai.ch\/demos\/woo-shop\/wordpress\/wp-json\/wp\/v2\/comments?post=449"}],"version-history":[{"count":1,"href":"https:\/\/elevai.ch\/demos\/woo-shop\/wordpress\/wp-json\/wp\/v2\/pages\/449\/revisions"}],"predecessor-version":[{"id":3553,"href":"https:\/\/elevai.ch\/demos\/woo-shop\/wordpress\/wp-json\/wp\/v2\/pages\/449\/revisions\/3553"}],"wp:attachment":[{"href":"https:\/\/elevai.ch\/demos\/woo-shop\/wordpress\/wp-json\/wp\/v2\/media?parent=449"}],"curies":[{"name":"wp","href":"https:\/\/api.w.org\/{rel}","templated":true}]}}